{"id":22644,"date":"2025-04-21T07:21:08","date_gmt":"2025-04-21T07:21:08","guid":{"rendered":"https:\/\/plantationmedspa.com\/?page_id=22644"},"modified":"2026-04-11T07:30:07","modified_gmt":"2026-04-11T07:30:07","slug":"newsurg-ktp-laser","status":"publish","type":"page","link":"https:\/\/plantationmedspa.com\/es\/newsurg-ktp-laser\/","title":{"rendered":"L\u00e1ser KTP de Newsurg"},"content":{"rendered":"<div data-elementor-type=\"wp-page\" data-elementor-id=\"22644\" class=\"elementor elementor-22644\" data-elementor-post-type=\"page\">\n\t\t\t\t<div class=\"elementor-element elementor-element-6f534e0 e-con-full e-flex e-con e-parent\" data-id=\"6f534e0\" data-element_type=\"container\" data-e-type=\"container\" data-settings=\"{&quot;background_background&quot;:&quot;classic&quot;}\">\n\t\t\t\t<div class=\"elementor-element elementor-element-c43e995 elementor-widget elementor-widget-heading\" data-id=\"c43e995\" data-element_type=\"widget\" data-e-type=\"widget\" data-widget_type=\"heading.default\">\n\t\t\t\t\t<h1 class=\"elementor-heading-title elementor-size-default\">Plexr Plus<\/h1>\t\t\t\t<\/div>\n\t\t\t\t<\/div>\n\t\t<div class=\"elementor-element elementor-element-6b9219a e-flex e-con-boxed e-con e-parent\" data-id=\"6b9219a\" data-element_type=\"container\" data-e-type=\"container\">\n\t\t\t\t\t<div class=\"e-con-inner\">\n\t\t\t\t<div class=\"elementor-element elementor-element-cf0ade3 elementor-widget elementor-widget-heading\" data-id=\"cf0ade3\" data-element_type=\"widget\" data-e-type=\"widget\" data-widget_type=\"heading.default\">\n\t\t\t\t\t<h2 class=\"elementor-heading-title elementor-size-default\">Transforme su piel con el potente l\u00e1ser NewSurg KTP: Un cambio de juego para las lesiones vasculares y pigmentadas<\/h2>\t\t\t\t<\/div>\n\t\t\t\t<div class=\"elementor-element elementor-element-414ce9c elementor-widget elementor-widget-text-editor\" data-id=\"414ce9c\" data-element_type=\"widget\" data-e-type=\"widget\" data-widget_type=\"text-editor.default\">\n\t\t\t\t\t\t\t\t\t<h2>EL L\u00e1ser KTP de Newsurg<\/h2><p>Las lesiones vasculares persistentes, como las ara\u00f1as vasculares o la ros\u00e1cea, pueden ser frustrantes. Estas afecciones no s\u00f3lo afectan a su aspecto, sino que tambi\u00e9n pueden repercutir en su autoestima. Los tratamientos tradicionales suelen requerir varias sesiones con resultados variables, por lo que muchos buscan una soluci\u00f3n m\u00e1s eficaz.<br \/>Del mismo modo, las lesiones pigmentadas como manchas solares, pecas o <a href=\"https:\/\/plantationmedspa.com\/es\/elaboracion-de-un-plan-de-tratamiento-personalizado-para-las-manchas-de-envejecimiento\/\" title=\"Plan de tratamiento personalizado para las manchas de la edad en Plantation Med Spa\"  data-wpil-monitor-id=\"13732\">manchas de envejecimiento<\/a> pueden hacer que tu piel tenga un aspecto desigual y envejecido. Aunque las cremas y los tratamientos t\u00f3picos ofrecen un alivio temporal, rara vez abordan la causa de ra\u00edz, lo que provoca problemas recurrentes.<br \/>Afortunadamente, el l\u00e1ser NewSurg KTP ofrece una soluci\u00f3n espec\u00edfica, eficaz y no invasiva para estos problemas comunes de la piel.<\/p>\t\t\t\t\t\t\t\t<\/div>\n\t\t\t\t<div class=\"elementor-element elementor-element-b54e398 elementor-widget elementor-widget-image\" data-id=\"b54e398\" data-element_type=\"widget\" data-e-type=\"widget\" data-widget_type=\"image.default\">\n\t\t\t\t\t\t\t\t\t\t\t\t\t\t\t<img fetchpriority=\"high\" decoding=\"async\" width=\"700\" height=\"700\" src=\"https:\/\/plantationmedspa.com\/wp-content\/uploads\/2025\/04\/Newsurg-KTP-Laser.webp\" class=\"attachment-large size-large wp-image-22692\" alt=\"imagen de una piel m\u00e1s clara y sana\" srcset=\"https:\/\/plantationmedspa.com\/wp-content\/uploads\/2025\/04\/Newsurg-KTP-Laser.webp 700w, https:\/\/plantationmedspa.com\/wp-content\/uploads\/2025\/04\/Newsurg-KTP-Laser-300x300.webp 300w, https:\/\/plantationmedspa.com\/wp-content\/uploads\/2025\/04\/Newsurg-KTP-Laser-150x150.webp 150w, https:\/\/plantationmedspa.com\/wp-content\/uploads\/2025\/04\/Newsurg-KTP-Laser-12x12.webp 12w\" sizes=\"(max-width: 700px) 100vw, 700px\" title=\"\">\t\t\t\t\t\t\t\t\t\t\t\t\t\t\t<\/div>\n\t\t\t\t<div class=\"elementor-element elementor-element-3aaa05a elementor-widget elementor-widget-text-editor\" data-id=\"3aaa05a\" data-element_type=\"widget\" data-e-type=\"widget\" data-widget_type=\"text-editor.default\">\n\t\t\t\t\t\t\t\t\t<h3><span data-preserver-spaces=\"true\">Nuestra soluci\u00f3n: Tratamiento con l\u00e1ser NewSurg KTP<\/span><\/h3><p><span data-preserver-spaces=\"true\">El l\u00e1ser NewSurg KTP es un dispositivo de \u00faltima generaci\u00f3n dise\u00f1ado para tratar eficazmente las lesiones vasculares y pigmentadas de la piel. Utilizando una longitud de onda de luz verde de 532 nm, se dirige expl\u00edcitamente a la oxihemoglobina de los vasos sangu\u00edneos y a la melanina de las zonas pigmentadas, garantizando un tratamiento preciso sin da\u00f1ar los tejidos circundantes.<\/span><\/p>\t\t\t\t\t\t\t\t<\/div>\n\t\t\t\t<div class=\"elementor-element elementor-element-1446dfc elementor-widget__width-initial elementor-widget elementor-widget-video\" data-id=\"1446dfc\" data-element_type=\"widget\" data-e-type=\"widget\" data-settings=\"{&quot;youtube_url&quot;:&quot;https:\\\/\\\/youtu.be\\\/HuPQDLNdQk4&quot;,&quot;show_image_overlay&quot;:&quot;yes&quot;,&quot;image_overlay&quot;:{&quot;url&quot;:&quot;https:\\\/\\\/plantationmedspa.com\\\/wp-content\\\/uploads\\\/2025\\\/04\\\/KTP-plantation.jpg&quot;,&quot;id&quot;:22744,&quot;size&quot;:&quot;&quot;,&quot;alt&quot;:&quot;&quot;,&quot;source&quot;:&quot;library&quot;},&quot;video_type&quot;:&quot;youtube&quot;,&quot;controls&quot;:&quot;yes&quot;}\" data-widget_type=\"video.default\">\n\t\t\t\t\t\t\t<div class=\"elementor-wrapper elementor-open-inline\">\n\t\t\t<div class=\"elementor-video\"><\/div>\t\t\t\t<div class=\"elementor-custom-embed-image-overlay\" style=\"background-image: url(https:\/\/plantationmedspa.com\/wp-content\/uploads\/2025\/04\/KTP-plantation.jpg);\">\n\t\t\t\t\t\t\t\t\t\t\t\t\t\t\t\t<div class=\"elementor-custom-embed-play\" role=\"button\" aria-label=\"Reproducir v\u00eddeo\" tabindex=\"0\" data-no-translation-aria-label=\"\">\n\t\t\t\t\t\t\t<svg aria-hidden=\"true\" class=\"e-font-icon-svg e-eicon-play\" viewbox=\"0 0 1000 1000\" xmlns=\"http:\/\/www.w3.org\/2000\/svg\"><path d=\"M838 162C746 71 633 25 500 25 371 25 258 71 163 162 71 254 25 367 25 500 25 633 71 746 163 837 254 929 367 979 500 979 633 979 746 933 838 837 929 746 975 633 975 500 975 367 929 254 838 162M808 192C892 279 933 379 933 500 933 621 892 725 808 808 725 892 621 938 500 938 379 938 279 896 196 808 113 725 67 621 67 500 67 379 108 279 196 192 279 108 383 62 500 62 621 62 721 108 808 192M438 392V642L642 517 438 392Z\"><\/path><\/svg>\t\t\t\t\t\t<\/div>\n\t\t\t\t\t\t\t\t\t<\/div>\n\t\t\t\t\t<\/div>\n\t\t\t\t\t\t<\/div>\n\t\t<div class=\"elementor-element elementor-element-321b1bf e-con-full e-flex e-con e-child\" data-id=\"321b1bf\" data-element_type=\"container\" data-e-type=\"container\">\n\t\t\t\t<div class=\"elementor-element elementor-element-453d61c elementor-widget__width-initial elementor-widget elementor-widget-text-editor\" data-id=\"453d61c\" data-element_type=\"widget\" data-e-type=\"widget\" data-widget_type=\"text-editor.default\">\n\t\t\t\t\t\t\t\t\t<h2><span data-preserver-spaces=\"true\">Cinco beneficios clave del tratamiento con l\u00e1ser NewSurg KTP<\/span><\/h2><h3><strong><span data-preserver-spaces=\"true\">Punter\u00eda de precisi\u00f3n<\/span><\/strong><\/h3><ul><li style=\"list-style-type: none;\"><ul><li><span data-preserver-spaces=\"true\">El l\u00e1ser se centra exclusivamente en las zonas afectadas, dejando <a class=\"wpil_keyword_link\" href=\"https:\/\/plantationmedspa.com\/es\/como-mantener-una-piel-sana-durante-los-cambios-estacionales\/\"   title=\"C\u00f3mo mantener una piel sana durante los cambios estacionales\" data-wpil-keyword-link=\"linked\"  data-wpil-monitor-id=\"37920\">saludable<\/a> skin untouched.<\/span><\/li><li><span data-preserver-spaces=\"true\">Minimiza el riesgo de cicatrices o cambios de pigmentaci\u00f3n.<\/span><\/li><li><span data-preserver-spaces=\"true\">Es ideal para tratar regiones faciales delicadas.<\/span><\/li><\/ul><\/li><\/ul><h3><strong><span data-preserver-spaces=\"true\">Procedimiento no invasivo<\/span><\/strong><\/h3><ul><li style=\"list-style-type: none;\"><ul><li><span data-preserver-spaces=\"true\">No se necesitan incisiones ni anestesia.<\/span><\/li><li><span data-preserver-spaces=\"true\">Los pacientes experimentan molestias m\u00ednimas, a menudo descritas como una ligera sensaci\u00f3n de chasquido.<\/span><\/li><li><span data-preserver-spaces=\"true\">Sesiones r\u00e1pidas, que suelen durar entre 15 y 30 minutos.<\/span><\/li><\/ul><\/li><\/ul><h3><strong><span data-preserver-spaces=\"true\">Tiempo de inactividad m\u00ednimo<\/span><\/strong><\/h3><ul><li style=\"list-style-type: none;\"><ul><li><span data-preserver-spaces=\"true\">La mayor\u00eda de los pacientes reanudan sus actividades cotidianas inmediatamente despu\u00e9s del tratamiento.<\/span><\/li><li><span data-preserver-spaces=\"true\">El enrojecimiento o la inflamaci\u00f3n temporales remiten en unas horas o d\u00edas.<\/span><\/li><li><span data-preserver-spaces=\"true\">No hay necesidad de extensas rutinas de cuidados posteriores.<\/span><\/li><\/ul><\/li><\/ul><h3><strong><span data-preserver-spaces=\"true\">Aplicaciones vers\u00e1tiles<\/span><\/strong><\/h3><p><span data-preserver-spaces=\"true\">Trata eficazmente una serie de afecciones, entre ellas:<\/span><\/p><ul><li style=\"list-style-type: none;\"><ul><li style=\"list-style-type: none;\"><ul><li><span data-preserver-spaces=\"true\">Ara\u00f1as vasculares<\/span><\/li><li><span data-preserver-spaces=\"true\">Ros\u00e1cea<\/span><\/li><li><span data-preserver-spaces=\"true\">Manchas solares<\/span><\/li><li><span data-preserver-spaces=\"true\">Pecas<\/span><\/li><li><span data-preserver-spaces=\"true\">Manchas de envejecimiento<\/span><\/li><li><span data-preserver-spaces=\"true\">Pigmentado <a class=\"wpil_keyword_link\" href=\"https:\/\/plantationmedspa.com\/es\/reducir-las-cicatrices-del-acne-con-plex-plus\/\"   title=\"Reducir las cicatrices del acn\u00e9 con Plex Plus\" data-wpil-keyword-link=\"linked\"  data-wpil-monitor-id=\"37919\">topos<\/a><\/span><\/li><\/ul><\/li><\/ul><\/li><\/ul>\t\t\t\t\t\t\t\t<\/div>\n\t\t\t\t<\/div>\n\t\t\t\t<div class=\"elementor-element elementor-element-a864743 elementor-widget elementor-widget-image\" data-id=\"a864743\" data-element_type=\"widget\" data-e-type=\"widget\" data-widget_type=\"image.default\">\n\t\t\t\t\t\t\t\t\t\t\t\t\t\t\t<img decoding=\"async\" width=\"600\" height=\"500\" src=\"https:\/\/plantationmedspa.com\/wp-content\/uploads\/2025\/04\/KTP-3.webp\" class=\"attachment-large size-large wp-image-22729\" alt=\"\" srcset=\"https:\/\/plantationmedspa.com\/wp-content\/uploads\/2025\/04\/KTP-3.webp 600w, https:\/\/plantationmedspa.com\/wp-content\/uploads\/2025\/04\/KTP-3-300x250.webp 300w, https:\/\/plantationmedspa.com\/wp-content\/uploads\/2025\/04\/KTP-3-14x12.webp 14w\" sizes=\"(max-width: 600px) 100vw, 600px\" title=\"\">\t\t\t\t\t\t\t\t\t\t\t\t\t\t\t<\/div>\n\t\t\t\t<div class=\"elementor-element elementor-element-0fdd8ed elementor-widget elementor-widget-text-editor\" data-id=\"0fdd8ed\" data-element_type=\"widget\" data-e-type=\"widget\" data-widget_type=\"text-editor.default\">\n\t\t\t\t\t\t\t\t\t<h3><span data-preserver-spaces=\"true\">\u00bfListo para revitalizar su piel?<\/span><\/h3><p><span data-preserver-spaces=\"true\">No deje que las lesiones vasculares o pigmentarias le frenen. Experimente los efectos transformadores del <a href=\"https:\/\/plantationmedspa.com\/es\/6-meses-de-transformacion-de-la-piel\/\" title=\"Una inmersi\u00f3n profunda en una transformaci\u00f3n de la piel de 6 meses en Plantation, Florida\"  data-wpil-monitor-id=\"34699\">L\u00e1ser KTP NewSurg<\/a> y recupere la confianza en el aspecto de su piel.<\/span><\/p><p><strong><span data-preserver-spaces=\"true\">Reserve una consulta hoy mismo<\/span><\/strong><span data-preserver-spaces=\"true\"> para determinar si este tratamiento es adecuado para usted y dar el primer paso hacia una piel m\u00e1s sana y radiante.<\/span><\/p>\t\t\t\t\t\t\t\t<\/div>\n\t\t\t\t<div class=\"elementor-element elementor-element-b971659 elementor-widget__width-initial elementor-widget elementor-widget-text-editor\" data-id=\"b971659\" data-element_type=\"widget\" data-e-type=\"widget\" data-widget_type=\"text-editor.default\">\n\t\t\t\t\t\t\t\t\t<h3><span data-preserver-spaces=\"true\">\u00bfPor qu\u00e9 elegir nuestro tratamiento con l\u00e1ser NewSurg KTP?<\/span><\/h3><ul><li><strong><span data-preserver-spaces=\"true\">Mayor confianza:<\/span><\/strong><span data-preserver-spaces=\"true\"> Consiga <a href=\"https:\/\/plantationmedspa.com\/es\/un-viaje-hacia-una-piel-mas-clara-en-plantation\/\" title=\"Un viaje hacia una piel m\u00e1s clara en Plantation, Florida\"  data-wpil-monitor-id=\"13872\">piel m\u00e1s clara<\/a>La autoestima y el bienestar general aumentan.<\/span><\/li><li><strong><span data-preserver-spaces=\"true\">Seguro y eficaz:<\/span><\/strong><span data-preserver-spaces=\"true\"> Se ha demostrado cl\u00ednicamente que <a href=\"https:\/\/plantationmedspa.com\/es\/colageno-minimiza-el-tiempo-de-inactividad-para-una-piel-radiante\/\" title=\"RF Microneedling: Liberaci\u00f3n de col\u00e1geno, minimizando el tiempo de inactividad para una piel radiante en Plantation, Florida\"  data-wpil-monitor-id=\"16690\">afecciones cut\u00e1neas con<\/a> riesgo.<\/span><\/li><li><strong><span data-preserver-spaces=\"true\">Atenci\u00f3n personalizada:<\/span><\/strong><span data-preserver-spaces=\"true\"> A medida <a href=\"https:\/\/plantationmedspa.com\/es\/como-los-tratamientos-profesionales-de-la-piel-ahorran-dinero\/\" title=\"C\u00f3mo los tratamientos profesionales de la piel ahorran dinero\"  data-wpil-monitor-id=\"12725\">planes de tratamiento adaptados a cada piel<\/a> necesidades y objetivos.<\/span><\/li><\/ul>\t\t\t\t\t\t\t\t<\/div>\n\t\t\t\t<div class=\"elementor-element elementor-element-be63360 elementor-widget elementor-widget-image\" data-id=\"be63360\" data-element_type=\"widget\" data-e-type=\"widget\" data-widget_type=\"image.default\">\n\t\t\t\t\t\t\t\t\t\t\t\t\t\t\t<img decoding=\"async\" width=\"600\" height=\"500\" src=\"https:\/\/plantationmedspa.com\/wp-content\/uploads\/2025\/04\/KTP-2-copy.webp\" class=\"attachment-large size-large wp-image-22722\" alt=\"\" srcset=\"https:\/\/plantationmedspa.com\/wp-content\/uploads\/2025\/04\/KTP-2-copy.webp 600w, https:\/\/plantationmedspa.com\/wp-content\/uploads\/2025\/04\/KTP-2-copy-300x250.webp 300w, https:\/\/plantationmedspa.com\/wp-content\/uploads\/2025\/04\/KTP-2-copy-14x12.webp 14w\" sizes=\"(max-width: 600px) 100vw, 600px\" title=\"\">\t\t\t\t\t\t\t\t\t\t\t\t\t\t\t<\/div>\n\t\t<div class=\"elementor-element elementor-element-be97563 e-con-full e-flex e-con e-child\" data-id=\"be97563\" data-element_type=\"container\" data-e-type=\"container\">\n\t\t\t\t<div class=\"elementor-element elementor-element-f6812ee elementor-widget__width-initial elementor-widget elementor-widget-text-editor\" data-id=\"f6812ee\" data-element_type=\"widget\" data-e-type=\"widget\" data-widget_type=\"text-editor.default\">\n\t\t\t\t\t\t\t\t\t<h3><span data-preserver-spaces=\"true\">Caracter\u00edsticas del l\u00e1ser NewSurg KTP<\/span><\/h3><ul><li><strong><span data-preserver-spaces=\"true\">Tecnolog\u00eda avanzada<\/span><\/strong><ul><li><span data-preserver-spaces=\"true\">Sistema l\u00e1ser de diodo de estado s\u00f3lido.<\/span><\/li><li><span data-preserver-spaces=\"true\">532 nm verde <a href=\"https:\/\/plantationmedspa.com\/es\/el-mejor-tratamiento-de-terapia-con-luz-roja-en-plantation-en-2026\/\" title=\"El mejor tratamiento de fototerapia con luz roja en Plantation en 2026\"  data-wpil-monitor-id=\"26150\">longitud de onda de la luz para un tratamiento espec\u00edfico<\/a>.<\/span><\/li><li><span data-preserver-spaces=\"true\">Un pedal inal\u00e1mbrico y controles intuitivos de pantalla t\u00e1ctil.<\/span><\/li><\/ul><\/li><li><strong><span data-preserver-spaces=\"true\">Dise\u00f1o f\u00e1cil de usar<\/span><\/strong><ul><li><span data-preserver-spaces=\"true\">Compacta y port\u00e1til para una f\u00e1cil maniobrabilidad.<\/span><\/li><li><span data-preserver-spaces=\"true\">Sistema de suministro de fibra flexible para una aplicaci\u00f3n precisa.<\/span><\/li><li><span data-preserver-spaces=\"true\">No requiere mantenimiento, lo que garantiza su fiabilidad.<\/span><\/li><\/ul><\/li><li><strong><span data-preserver-spaces=\"true\">Opciones de tratamiento integrales<\/span><\/strong><ul><li><span data-preserver-spaces=\"true\">Aborda tanto las lesiones vasculares como las pigmentadas.<\/span><\/li><li><span data-preserver-spaces=\"true\">Adecuado para distintos tipos y tonos de piel.<\/span><\/li><li><span data-preserver-spaces=\"true\">Eficaz en m\u00faltiples zonas del cuerpo, incluyendo cara, cuello y pecho.<\/span><\/li><\/ul><\/li><li><strong><span data-preserver-spaces=\"true\">Confort del paciente<\/span><\/strong><ul><li><span data-preserver-spaces=\"true\">Molestias m\u00ednimas durante los procedimientos.<\/span><\/li><li><span data-preserver-spaces=\"true\">No se necesita anestesia ni un largo periodo de recuperaci\u00f3n.<\/span><\/li><li><span data-preserver-spaces=\"true\">Las sesiones r\u00e1pidas se adaptan f\u00e1cilmente a agendas apretadas.<\/span><\/li><\/ul><\/li><li><strong><span data-preserver-spaces=\"true\">Aprobado cl\u00ednicamente<\/span><\/strong><ul><li><span data-preserver-spaces=\"true\">Aprobado por la FDA para uso dermatol\u00f3gico y en cirug\u00eda pl\u00e1stica.<\/span><\/li><li><span data-preserver-spaces=\"true\">Respaldado por estudios cl\u00ednicos y testimonios de pacientes.<\/span><\/li><li><span data-preserver-spaces=\"true\">Reconocido por las principales cl\u00ednicas dermatol\u00f3gicas.<\/span><\/li><\/ul><\/li><li><strong><span data-preserver-spaces=\"true\">Apoyo y formaci\u00f3n<\/span><\/strong><ul><li><span data-preserver-spaces=\"true\">Amplia formaci\u00f3n continua.<\/span><\/li><li><span data-preserver-spaces=\"true\">Paquetes de marketing para ayudar a las cl\u00ednicas a promocionar sus servicios.<\/span><\/li><li><span data-preserver-spaces=\"true\">Garant\u00eda completa de tres a\u00f1os en piezas y mano de obra.<\/span><\/li><\/ul><\/li><\/ul>\t\t\t\t\t\t\t\t<\/div>\n\t\t\t\t<div class=\"elementor-element elementor-element-ec60b13 elementor-widget elementor-widget-image\" data-id=\"ec60b13\" data-element_type=\"widget\" data-e-type=\"widget\" data-widget_type=\"image.default\">\n\t\t\t\t\t\t\t\t\t\t\t\t\t\t\t<img loading=\"lazy\" decoding=\"async\" width=\"337\" height=\"620\" src=\"https:\/\/plantationmedspa.com\/wp-content\/uploads\/2025\/04\/KTP-long.webp\" class=\"attachment-large size-large wp-image-22733\" alt=\"\" srcset=\"https:\/\/plantationmedspa.com\/wp-content\/uploads\/2025\/04\/KTP-long.webp 337w, https:\/\/plantationmedspa.com\/wp-content\/uploads\/2025\/04\/KTP-long-163x300.webp 163w, https:\/\/plantationmedspa.com\/wp-content\/uploads\/2025\/04\/KTP-long-7x12.webp 7w\" sizes=\"(max-width: 337px) 100vw, 337px\" title=\"\">\t\t\t\t\t\t\t\t\t\t\t\t\t\t\t<\/div>\n\t\t\t\t<\/div>\n\t\t<div class=\"elementor-element elementor-element-6126d56 e-con-full e-flex e-con e-child\" data-id=\"6126d56\" data-element_type=\"container\" data-e-type=\"container\">\n\t\t\t\t<div class=\"elementor-element elementor-element-23410c8 elementor-widget__width-initial elementor-widget elementor-widget-text-editor\" data-id=\"23410c8\" data-element_type=\"widget\" data-e-type=\"widget\" data-widget_type=\"text-editor.default\">\n\t\t\t\t\t\t\t\t\t<p>Abordar los problemas de la piel como las lesiones vasculares y pigmentadas no tiene por qu\u00e9 ser una tarea desalentadora. Con el l\u00e1ser NewSurg KTP, los pacientes pueden acceder a una opci\u00f3n de tratamiento segura, eficaz y no invasiva que ofrece resultados duraderos.<br \/>Al elegir esta terapia l\u00e1ser avanzada, est\u00e1 invirtiendo en la salud y el aspecto de su piel, allanando el camino para una confianza renovada y un aspecto m\u00e1s vibrante.<\/p>\t\t\t\t\t\t\t\t<\/div>\n\t\t\t\t<\/div>\n\t\t\t\t<div class=\"elementor-element elementor-element-1af62e4 elementor-widget elementor-widget-image\" data-id=\"1af62e4\" data-element_type=\"widget\" data-e-type=\"widget\" data-widget_type=\"image.default\">\n\t\t\t\t\t\t\t\t\t\t\t\t\t\t\t<img loading=\"lazy\" decoding=\"async\" width=\"600\" height=\"500\" src=\"https:\/\/plantationmedspa.com\/wp-content\/uploads\/2025\/04\/KTP-1.webp\" class=\"attachment-large size-large wp-image-22715\" alt=\"\" srcset=\"https:\/\/plantationmedspa.com\/wp-content\/uploads\/2025\/04\/KTP-1.webp 600w, https:\/\/plantationmedspa.com\/wp-content\/uploads\/2025\/04\/KTP-1-300x250.webp 300w, https:\/\/plantationmedspa.com\/wp-content\/uploads\/2025\/04\/KTP-1-14x12.webp 14w\" sizes=\"(max-width: 600px) 100vw, 600px\" title=\"\">\t\t\t\t\t\t\t\t\t\t\t\t\t\t\t<\/div>\n\t\t\t\t<div class=\"elementor-element elementor-element-a4e8200 elementor-align-center elementor-widget elementor-widget-button\" data-id=\"a4e8200\" data-element_type=\"widget\" data-e-type=\"widget\" data-widget_type=\"button.default\">\n\t\t\t\t\t\t\t\t\t\t<a class=\"elementor-button elementor-button-link elementor-size-sm\" href=\"https:\/\/www.bizzflo.com\/Health-Wellness\/Introlift-Medical-Spa\/services\" target=\"_blank\" rel=\"noopener\">\n\t\t\t\t\t\t<span class=\"elementor-button-content-wrapper\">\n\t\t\t\t\t\t\t\t\t<span class=\"elementor-button-text\">Reservar sesi\u00f3n KTP Laser<\/span>\n\t\t\t\t\t<\/span>\n\t\t\t\t\t<\/a>\n\t\t\t\t\t\t\t\t<\/div>\n\t\t\t\t\t<\/div>\n\t\t\t\t<\/div>\n\t\t\t\t<\/div>","protected":false},"excerpt":{"rendered":"<p>tratar las afecciones vasculares y pigmentarias de la piel con eficacia y suavidad. Disfrute de una piel m\u00e1s clara y sana con m\u00ednimas molestias, una r\u00e1pida recuperaci\u00f3n y resultados visibles en menos sesiones. Programe su tratamiento hoy mismo para conseguir un aspecto revitalizado y una confianza renovada.<\/p>","protected":false},"author":1,"featured_media":22647,"parent":0,"menu_order":0,"comment_status":"closed","ping_status":"closed","template":"","meta":{"footnotes":""},"class_list":["post-22644","page","type-page","status-publish","has-post-thumbnail","hentry"],"_links":{"self":[{"href":"https:\/\/plantationmedspa.com\/es\/wp-json\/wp\/v2\/pages\/22644","targetHints":{"allow":["GET"]}}],"collection":[{"href":"https:\/\/plantationmedspa.com\/es\/wp-json\/wp\/v2\/pages"}],"about":[{"href":"https:\/\/plantationmedspa.com\/es\/wp-json\/wp\/v2\/types\/page"}],"author":[{"embeddable":true,"href":"https:\/\/plantationmedspa.com\/es\/wp-json\/wp\/v2\/users\/1"}],"replies":[{"embeddable":true,"href":"https:\/\/plantationmedspa.com\/es\/wp-json\/wp\/v2\/comments?post=22644"}],"version-history":[{"count":11,"href":"https:\/\/plantationmedspa.com\/es\/wp-json\/wp\/v2\/pages\/22644\/revisions"}],"predecessor-version":[{"id":38809,"href":"https:\/\/plantationmedspa.com\/es\/wp-json\/wp\/v2\/pages\/22644\/revisions\/38809"}],"wp:featuredmedia":[{"embeddable":true,"href":"https:\/\/plantationmedspa.com\/es\/wp-json\/wp\/v2\/media\/22647"}],"wp:attachment":[{"href":"https:\/\/plantationmedspa.com\/es\/wp-json\/wp\/v2\/media?parent=22644"}],"curies":[{"name":"wp","href":"https:\/\/api.w.org\/{rel}","templated":true}]}}