{"id":2973,"date":"2023-10-26T16:51:24","date_gmt":"2023-10-26T16:51:24","guid":{"rendered":"https:\/\/plantationmedspa.com\/?page_id=2973"},"modified":"2026-04-24T08:26:22","modified_gmt":"2026-04-24T08:26:22","slug":"jeuveau","status":"publish","type":"page","link":"https:\/\/plantationmedspa.com\/es\/injectables\/jeuveau\/","title":{"rendered":"Jeuveau - tratamiento cosm\u00e9tico no quir\u00fargico de las arrugas y l\u00edneas de expresi\u00f3n"},"content":{"rendered":"\t\t<div data-elementor-type=\"wp-page\" data-elementor-id=\"2973\" class=\"elementor elementor-2973\" data-elementor-post-type=\"page\">\n\t\t\t\t<div class=\"elementor-element elementor-element-44a73f25 e-con-full e-flex e-con e-parent\" data-id=\"44a73f25\" data-element_type=\"container\" data-e-type=\"container\" data-settings=\"{&quot;background_background&quot;:&quot;classic&quot;}\">\n\t\t\t\t<div class=\"elementor-element elementor-element-4b4c43a1 elementor-widget elementor-widget-heading\" data-id=\"4b4c43a1\" data-element_type=\"widget\" data-e-type=\"widget\" data-widget_type=\"heading.default\">\n\t\t\t\t\t<h1 class=\"elementor-heading-title elementor-size-default\">Jeuveau\u2122 in Plantation, FL <\/h1>\t\t\t\t<\/div>\n\t\t\t\t<\/div>\n\t\t<div class=\"elementor-element elementor-element-f8040cd e-flex e-con-boxed e-con e-parent\" data-id=\"f8040cd\" data-element_type=\"container\" data-e-type=\"container\">\n\t\t\t\t\t<div class=\"e-con-inner\">\n\t\t<div class=\"elementor-element elementor-element-af9eae0 e-con-full e-flex e-con e-child\" data-id=\"af9eae0\" data-element_type=\"container\" data-e-type=\"container\">\n\t\t\t\t<div class=\"elementor-element elementor-element-a94b218 elementor-widget elementor-widget-image\" data-id=\"a94b218\" data-element_type=\"widget\" data-e-type=\"widget\" data-widget_type=\"image.default\">\n\t\t\t\t\t\t\t\t\t\t\t\t\t\t\t<img fetchpriority=\"high\" decoding=\"async\" width=\"587\" height=\"380\" src=\"https:\/\/plantationmedspa.com\/wp-content\/uploads\/2023\/10\/botox-treatment-image-1-1.jpg\" class=\"attachment-2048x2048 size-2048x2048 wp-image-675\" alt=\"image of Botox services at Plantation Med Spa Florida\" srcset=\"https:\/\/plantationmedspa.com\/wp-content\/uploads\/2023\/10\/botox-treatment-image-1-1.jpg 587w, https:\/\/plantationmedspa.com\/wp-content\/uploads\/2023\/10\/botox-treatment-image-1-1-300x194.jpg 300w\" sizes=\"(max-width: 587px) 100vw, 587px\" title=\"\">\t\t\t\t\t\t\t\t\t\t\t\t\t\t\t<\/div>\n\t\t\t\t<div class=\"elementor-element elementor-element-fbabab6 elementor-widget elementor-widget-heading\" data-id=\"fbabab6\" data-element_type=\"widget\" data-e-type=\"widget\" data-widget_type=\"heading.default\">\n\t\t\t\t\t<h2 class=\"elementor-heading-title elementor-size-default\">Jeuveau\u2122 in Plantation, FL <\/h2>\t\t\t\t<\/div>\n\t\t\t\t<div class=\"elementor-element elementor-element-3f00713 elementor-widget elementor-widget-text-editor\" data-id=\"3f00713\" data-element_type=\"widget\" data-e-type=\"widget\" data-widget_type=\"text-editor.default\">\n\t\t\t\t\t\t\t\t\t<p><span style=\"font-weight: 400;\">Welcome to Plantation Med Spa, your trusted destination for Jeuveau\u2122 treatments in Plantation, Florida. Our expert team of professionals is dedicated to helping you achieve a refreshed and youthful appearance. Explore the remarkable benefits of Jeuveau\u2122 and find answers to frequently asked questions below.<\/span><\/p><p><span style=\"font-weight: 400;\"><br><\/span><\/p>\n<h2><span style=\"font-weight: 400;\">About Jeuveau\u2122 at Plantation Med Spa:<\/span><\/h2><div><span style=\"font-weight: 400;\"><br><\/span><\/div>\n<h2><span style=\"font-weight: 400;\">What is Jeuveau\u2122?<\/span><\/h2>\n<p><span style=\"font-weight: 400;\">Jeuveau\u2122 is an innovative cosmetic <a href=\"https:\/\/plantationmedspa.com\/8-benefits-offered-by-carbon-laser-peel-treatments\/\">treatment that offers<\/a> a non-surgical solution for reducing the appearance of fine lines and wrinkles. Derived from botulinum toxin, Jeuveau\u2122 is administered through precise injections to relax specific <a href=\"https:\/\/plantationmedspa.com\/facials-2\/\" data-wpil=\"url\">facial<\/a> muscles, creating a smoother, more rejuvenated look. At <a href=\"https:\/\/plantationmedspa.com\/5-body-sculpting-and-contouring-treatments-at-plantation-med-spa\/\">Plantation Med Spa<\/a>, we are proud to offer Jeuveau\u2122 as part of our comprehensive range of cosmetic services.<\/span><\/p><p><span style=\"font-weight: 400;\"><br><\/span><\/p>\n<h2><span style=\"font-weight: 400;\">Benefits of Jeuveau\u2122:<\/span><\/h2>\n<ul>\n<li style=\"font-weight: 400;\" aria-level=\"1\"><span style=\"font-weight: 400;\">Wrinkle Reduction: Jeuveau\u2122 effectively targets and softens fine lines and wrinkles, providing a more <a href=\"https:\/\/plantationmedspa.com\/top-13-skincare-treatments-for-a-youthful-glow\/\"  data-wpil-monitor-id=\"1026\">youthful<\/a> and refreshed appearance.<\/span><\/li>\n<li style=\"font-weight: 400;\" aria-level=\"1\"><span style=\"font-weight: 400;\">Non-Surgical: This non-invasive <a href=\"https:\/\/plantationmedspa.com\/treatments\/\">treatment<\/a> delivers impressive results without the need for surgery or extended downtime.<\/span><\/li>\n<li style=\"font-weight: 400;\" aria-level=\"1\"><span style=\"font-weight: 400;\">Quick and Convenient: Jeuveau\u2122 <a href=\"https:\/\/plantationmedspa.com\/melasma-reduction-treatment-at-plantation-med-spa\/\"  data-wpil-monitor-id=\"2720\">treatments<\/a> are typically brief, allowing you to return to your daily activities with minimal interruption.<\/span><\/li>\n<\/ul>\n<h2><span style=\"font-weight: 400;\"><br><\/span><\/h2><h2><span style=\"font-weight: 400;\">Frequently Asked Questions:<\/span><\/h2>\n<h3><span style=\"font-weight: 400;\">1. How does Jeuveau\u2122 work?<\/span><\/h3>\n<p><span style=\"font-weight: 400;\">Jeuveau\u2122 <a href=\"https:\/\/plantationmedspa.com\/how-exactly-does-a-brightening-facial-work\/\">works by temporarily relaxing specific facial<\/a> muscles, which reduces the appearance of wrinkles and fine lines, resulting in a smoother and more youthful appearance.<\/span><\/p>\n<h3><span style=\"font-weight: 400;\">2. Is Jeuveau\u2122 safe?<\/span><\/h3>\n<p><span style=\"font-weight: 400;\">Yes, Jeuveau\u2122 is considered safe when administered by qualified professionals. At <a href=\"https:\/\/plantationmedspa.com\/plantation-med-spa-provides-9-treatments-to-reduce-pigmentation-and-scars\/\">Plantation Med Spa<\/a>, your safety is our top priority, and we strictly adhere to safety protocols.<\/span><\/p>\n<h3><span style=\"font-weight: 400;\">3. What areas can be treated with Jeuveau\u2122?<\/span><\/h3>\n<p><span style=\"font-weight: 400;\">Jeuveau\u2122 is commonly used to address frown lines, crow&#8217;s feet, forehead wrinkles, and other <a href=\"https:\/\/plantationmedspa.com\/facials-2\/\">facial<\/a> lines.<\/span><\/p>\n<h3><span style=\"font-weight: 400;\">4. When will I see results, and how long do they last?<\/span><\/h3>\n<p><span style=\"font-weight: 400;\">Results from Jeuveau\u2122 <a href=\"https:\/\/plantationmedspa.com\/melasma-reduction-treatment-at-plantation-med-spa\/\"  data-wpil-monitor-id=\"2821\">treatment<\/a> typically become noticeable within a few days, with full effects appearing within two weeks. The benefits generally last around 3-4 months, and touch-up <a href=\"https:\/\/plantationmedspa.com\/need-a-deep-wrinkle-treatment-here-are-7-to-consider\/\">treatments can be scheduled as needed<\/a>.<\/span><\/p>\n<h3><span style=\"font-weight: 400;\">5. Does Jeuveau\u2122 cause discomfort?<\/span><\/h3>\n<p><span style=\"font-weight: 400;\">Most patients report minimal discomfort, often described as a slight pinch. If desired, we can apply a topical anesthetic to <a href=\"https:\/\/plantationmedspa.com\/the-art-of-non-surgical-cosmetic-procedures-enhancing-your-natural-beauty\/\">enhance comfort during the procedure<\/a>.<\/span><\/p>\n<h3><span style=\"font-weight: 400;\">6. Are there any side effects?<\/span><\/h3>\n<p><span style=\"font-weight: 400;\">While side effects are generally mild and temporary, some individuals may experience redness, swelling, or bruising at the <a href=\"https:\/\/plantationmedspa.com\/injectables\/\">injection<\/a> site, which typically subsides within a few days.<\/span><\/p>\n<h3><span style=\"font-weight: 400;\">7. Who is an ideal candidate for Jeuveau\u2122?<\/span><\/h3>\n<p><span style=\"font-weight: 400;\">Jeuveau\u2122 is suitable for adults looking to <a href=\"https:\/\/plantationmedspa.com\/how-to-reduce-forehead-wrinkles-with-botox\/\"  data-wpil-monitor-id=\"6207\">reduce the appearance of wrinkles<\/a> and achieve a more youthful look. During your consultation, our experts will assess your specific needs and candidacy for the <a href=\"https:\/\/plantationmedspa.com\/melasma-reduction-treatment-at-plantation-med-spa\/\"  data-wpil-monitor-id=\"2875\">treatment<\/a>.<\/span><\/p><p><span style=\"font-weight: 400;\"><br><\/span><\/p>\n<h2><span style=\"font-weight: 400;\">Schedule Your Jeuveau\u2122 Appointment at Plantation Med Spa:<\/span><\/h2>\n<p><span style=\"font-weight: 400;\">At <a href=\"https:\/\/plantationmedspa.com\/botox-services-at-plantation-med-spa-a-comprehensive-guide\/\">Plantation Med Spa<\/a>, we understand the importance of looking and feeling your best. Our Jeuveau\u2122 treatments are designed to enhance your <a href=\"https:\/\/plantationmedspa.com\/what-does-it-mean-to-be-a-natural-beauty\/\">natural beauty<\/a> and boost your self-confidence. If you have more questions or are ready to schedule your Jeuveau\u2122 appointment, please don&#8217;t hesitate to <a href=\"https:\/\/plantationmedspa.com\/contact\/\">contact<\/a> us. Our experienced team is here to help you achieve your aesthetic goals.<\/span><\/p>\t\t\t\t\t\t\t\t<\/div>\n\t\t\t\t<div class=\"elementor-element elementor-element-c99bf2a elementor-widget elementor-widget-heading\" data-id=\"c99bf2a\" data-element_type=\"widget\" data-e-type=\"widget\" data-widget_type=\"heading.default\">\n\t\t\t\t\t<h2 class=\"elementor-heading-title elementor-size-default\">Price Based on Consultation<\/h2>\t\t\t\t<\/div>\n\t\t\t\t<div class=\"elementor-element elementor-element-40850c9 elementor-align-center elementor-widget elementor-widget-button\" data-id=\"40850c9\" data-element_type=\"widget\" data-e-type=\"widget\" data-widget_type=\"button.default\">\n\t\t\t\t\t\t\t\t\t\t<a class=\"elementor-button elementor-button-link elementor-size-sm\" href=\"https:\/\/www.bizzflo.com\/Health-Wellness\/Introlift-Medical-Spa\/services\" target=\"_blank\" rel=\"noopener\">\n\t\t\t\t\t\t<span class=\"elementor-button-content-wrapper\">\n\t\t\t\t\t\t\t\t\t<span class=\"elementor-button-text\">Book Now<\/span>\n\t\t\t\t\t<\/span>\n\t\t\t\t\t<\/a>\n\t\t\t\t\t\t\t\t<\/div>\n\t\t\t\t<\/div>\n\t\t\t\t\t<\/div>\n\t\t\t\t<\/div>\n\t\t\t\t<section class=\"elementor-section elementor-top-section elementor-element elementor-element-3894eeb4 elementor-section-full_width elementor-section-height-default elementor-section-height-default\" data-id=\"3894eeb4\" data-element_type=\"section\" data-e-type=\"section\" data-settings=\"{&quot;background_background&quot;:&quot;classic&quot;}\">\n\t\t\t\t\t\t<div class=\"elementor-container elementor-column-gap-default\">\n\t\t\t\t\t<div class=\"elementor-column elementor-col-100 elementor-top-column elementor-element elementor-element-2bfdfc8b\" data-id=\"2bfdfc8b\" data-element_type=\"column\" data-e-type=\"column\">\n\t\t\t<div class=\"elementor-widget-wrap elementor-element-populated\">\n\t\t\t\t\t\t<section class=\"elementor-section elementor-inner-section elementor-element elementor-element-50bb827e elementor-section-content-middle elementor-section-boxed elementor-section-height-default elementor-section-height-default\" data-id=\"50bb827e\" data-element_type=\"section\" data-e-type=\"section\">\n\t\t\t\t\t\t<div class=\"elementor-container elementor-column-gap-no\">\n\t\t\t\t\t<div class=\"elementor-column elementor-col-50 elementor-inner-column elementor-element elementor-element-573f6680\" data-id=\"573f6680\" data-element_type=\"column\" data-e-type=\"column\">\n\t\t\t<div class=\"elementor-widget-wrap elementor-element-populated\">\n\t\t\t\t\t\t<div class=\"elementor-element elementor-element-25dd060f elementor-widget elementor-widget-heading\" data-id=\"25dd060f\" data-element_type=\"widget\" data-e-type=\"widget\" data-widget_type=\"heading.default\">\n\t\t\t\t\t<h4 class=\"elementor-heading-title elementor-size-default\">Find Your Treatment<\/h4>\t\t\t\t<\/div>\n\t\t\t\t<div class=\"elementor-element elementor-element-50b9f7c0 elementor-widget__width-initial elementor-widget elementor-widget-heading\" data-id=\"50b9f7c0\" data-element_type=\"widget\" data-e-type=\"widget\" data-widget_type=\"heading.default\">\n\t\t\t\t\t<h5 class=\"elementor-heading-title elementor-size-default\">Please fill out the inquiry form and our team will contact your shortly.<\/h5>\t\t\t\t<\/div>\n\t\t\t\t<div class=\"elementor-element elementor-element-ea7d1b8 e-grid-align-left elementor-shape-rounded elementor-grid-0 elementor-widget elementor-widget-social-icons\" data-id=\"ea7d1b8\" data-element_type=\"widget\" data-e-type=\"widget\" data-widget_type=\"social-icons.default\">\n\t\t\t\t\t\t\t<div class=\"elementor-social-icons-wrapper elementor-grid\" role=\"list\">\n\t\t\t\t\t\t\t<span class=\"elementor-grid-item\" role=\"listitem\">\n\t\t\t\t\t<a class=\"elementor-icon elementor-social-icon elementor-social-icon-facebook elementor-animation-grow elementor-repeater-item-2d0da0c\" target=\"_blank\">\n\t\t\t\t\t\t<span class=\"elementor-screen-only\">Facebook<\/span>\n\t\t\t\t\t\t\t\t\t\t\t\t\t<i class=\"fa fa-facebook\" aria-hidden=\"true\"><\/i>\n\t\t\t\t\t\t\t\t\t\t\t<\/a>\n\t\t\t\t<\/span>\n\t\t\t\t\t\t\t<span class=\"elementor-grid-item\" role=\"listitem\">\n\t\t\t\t\t<a class=\"elementor-icon elementor-social-icon elementor-social-icon-twitter elementor-animation-grow elementor-repeater-item-914746e\" target=\"_blank\">\n\t\t\t\t\t\t<span class=\"elementor-screen-only\">Twitter<\/span>\n\t\t\t\t\t\t\t\t\t\t\t\t\t<i class=\"fa fa-twitter\" aria-hidden=\"true\"><\/i>\n\t\t\t\t\t\t\t\t\t\t\t<\/a>\n\t\t\t\t<\/span>\n\t\t\t\t\t\t\t<span class=\"elementor-grid-item\" role=\"listitem\">\n\t\t\t\t\t<a class=\"elementor-icon elementor-social-icon elementor-social-icon-google-plus elementor-animation-grow elementor-repeater-item-8a28a95\" target=\"_blank\">\n\t\t\t\t\t\t<span class=\"elementor-screen-only\">Google-plus<\/span>\n\t\t\t\t\t\t\t\t\t\t\t\t\t<i class=\"fa fa-google-plus\" aria-hidden=\"true\"><\/i>\n\t\t\t\t\t\t\t\t\t\t\t<\/a>\n\t\t\t\t<\/span>\n\t\t\t\t\t\t\t<span class=\"elementor-grid-item\" role=\"listitem\">\n\t\t\t\t\t<a class=\"elementor-icon elementor-social-icon elementor-social-icon-youtube elementor-animation-grow elementor-repeater-item-6035fd3\" target=\"_blank\">\n\t\t\t\t\t\t<span class=\"elementor-screen-only\">Youtube<\/span>\n\t\t\t\t\t\t\t\t\t\t\t\t\t<i class=\"fa fa-youtube\" aria-hidden=\"true\"><\/i>\n\t\t\t\t\t\t\t\t\t\t\t<\/a>\n\t\t\t\t<\/span>\n\t\t\t\t\t\t\t<span class=\"elementor-grid-item\" role=\"listitem\">\n\t\t\t\t\t<a class=\"elementor-icon elementor-social-icon elementor-social-icon-github elementor-animation-grow elementor-repeater-item-12d4271\" target=\"_blank\">\n\t\t\t\t\t\t<span class=\"elementor-screen-only\">Github<\/span>\n\t\t\t\t\t\t\t\t\t\t\t\t\t<i class=\"fa fa-github\" aria-hidden=\"true\"><\/i>\n\t\t\t\t\t\t\t\t\t\t\t<\/a>\n\t\t\t\t<\/span>\n\t\t\t\t\t<\/div>\n\t\t\t\t\t\t<\/div>\n\t\t\t\t\t<\/div>\n\t\t<\/div>\n\t\t\t\t<div class=\"elementor-column elementor-col-50 elementor-inner-column elementor-element elementor-element-7a958ded\" data-id=\"7a958ded\" data-element_type=\"column\" data-e-type=\"column\">\n\t\t\t<div class=\"elementor-widget-wrap elementor-element-populated\">\n\t\t\t\t\t\t<div class=\"elementor-element elementor-element-2a8a8cc1 elementor-button-align-start elementor-widget__width-initial elementor-widget elementor-widget-form\" data-id=\"2a8a8cc1\" data-element_type=\"widget\" data-e-type=\"widget\" data-settings=\"{&quot;step_next_label&quot;:&quot;Next&quot;,&quot;step_previous_label&quot;:&quot;Previous&quot;,&quot;button_width&quot;:&quot;100&quot;,&quot;step_type&quot;:&quot;number_text&quot;,&quot;step_icon_shape&quot;:&quot;circle&quot;}\" data-widget_type=\"form.default\">\n\t\t\t\t\t\t\t<form class=\"elementor-form\" method=\"post\" name=\"New Form\" aria-label=\"New Form\">\n\t\t\t<input type=\"hidden\" name=\"post_id\" value=\"2973\"\/>\n\t\t\t<input type=\"hidden\" name=\"form_id\" value=\"2a8a8cc1\"\/>\n\t\t\t<input type=\"hidden\" name=\"referer_title\" value=\"Jeuveau - non-surgical fine lines and wrinkles treatment\" \/>\n\n\t\t\t\t\t\t\t<input type=\"hidden\" name=\"queried_id\" value=\"2973\"\/>\n\t\t\t\n\t\t\t<div class=\"elementor-form-fields-wrapper elementor-labels-above\">\n\t\t\t\t\t\t\t\t<div class=\"elementor-field-type-text elementor-field-group elementor-column elementor-field-group-name elementor-col-50 elementor-field-required elementor-mark-required\">\n\t\t\t\t\t\t\t\t\t\t\t\t<label for=\"form-field-name\" class=\"elementor-field-label\">\n\t\t\t\t\t\t\t\tFirst Name\t\t\t\t\t\t\t<\/label>\n\t\t\t\t\t\t\t\t\t\t\t\t\t\t<input size=\"1\" type=\"text\" name=\"form_fields[name]\" id=\"form-field-name\" class=\"elementor-field elementor-size-sm  elementor-field-textual\" placeholder=\"First\" required=\"required\">\n\t\t\t\t\t\t\t\t\t\t\t<\/div>\n\t\t\t\t\t\t\t\t<div class=\"elementor-field-type-text elementor-field-group elementor-column elementor-field-group-field_08bde95 elementor-col-50 elementor-field-required elementor-mark-required\">\n\t\t\t\t\t\t\t\t\t\t\t\t<label for=\"form-field-field_08bde95\" class=\"elementor-field-label\">\n\t\t\t\t\t\t\t\tLast\t\t\t\t\t\t\t<\/label>\n\t\t\t\t\t\t\t\t\t\t\t\t\t\t<input size=\"1\" type=\"text\" name=\"form_fields[field_08bde95]\" id=\"form-field-field_08bde95\" class=\"elementor-field elementor-size-sm  elementor-field-textual\" placeholder=\"Last\" required=\"required\">\n\t\t\t\t\t\t\t\t\t\t\t<\/div>\n\t\t\t\t\t\t\t\t<div class=\"elementor-field-type-tel elementor-field-group elementor-column elementor-field-group-field_af98771 elementor-col-50 elementor-field-required elementor-mark-required\">\n\t\t\t\t\t\t\t\t\t\t\t\t<label for=\"form-field-field_af98771\" class=\"elementor-field-label\">\n\t\t\t\t\t\t\t\tPhone Number\t\t\t\t\t\t\t<\/label>\n\t\t\t\t\t\t\t\t<input size=\"1\" type=\"tel\" name=\"form_fields[field_af98771]\" id=\"form-field-field_af98771\" class=\"elementor-field elementor-size-sm  elementor-field-textual\" placeholder=\"Phone Number\" required=\"required\" pattern=\"[0-9()#&amp;+*-=.]+\" title=\"Only numbers and phone characters (#, -, *, etc) are accepted.\">\n\n\t\t\t\t\t\t<\/div>\n\t\t\t\t\t\t\t\t<div class=\"elementor-field-type-email elementor-field-group elementor-column elementor-field-group-email elementor-col-50 elementor-field-required elementor-mark-required\">\n\t\t\t\t\t\t\t\t\t\t\t\t<label for=\"form-field-email\" class=\"elementor-field-label\">\n\t\t\t\t\t\t\t\tEmail\t\t\t\t\t\t\t<\/label>\n\t\t\t\t\t\t\t\t\t\t\t\t\t\t<input size=\"1\" type=\"email\" name=\"form_fields[email]\" id=\"form-field-email\" class=\"elementor-field elementor-size-sm  elementor-field-textual\" placeholder=\"Email\" required=\"required\">\n\t\t\t\t\t\t\t\t\t\t\t<\/div>\n\t\t\t\t\t\t\t\t<div class=\"elementor-field-type-select elementor-field-group elementor-column elementor-field-group-field_1c6e645 elementor-col-100 elementor-field-required elementor-mark-required\">\n\t\t\t\t\t\t\t\t\t\t\t\t<label for=\"form-field-field_1c6e645\" class=\"elementor-field-label\">\n\t\t\t\t\t\t\t\tBooking Type\t\t\t\t\t\t\t<\/label>\n\t\t\t\t\t\t\t\t<div class=\"elementor-field elementor-select-wrapper remove-before \">\n\t\t\t<div class=\"select-caret-down-wrapper\">\n\t\t\t\t<svg aria-hidden=\"true\" class=\"e-font-icon-svg e-eicon-caret-down\" viewBox=\"0 0 571.4 571.4\" xmlns=\"http:\/\/www.w3.org\/2000\/svg\"><path d=\"M571 393Q571 407 561 418L311 668Q300 679 286 679T261 668L11 418Q0 407 0 393T11 368 36 357H536Q550 357 561 368T571 393Z\"><\/path><\/svg>\t\t\t<\/div>\n\t\t\t<select name=\"form_fields[field_1c6e645]\" id=\"form-field-field_1c6e645\" class=\"elementor-field-textual elementor-size-sm\" required=\"required\">\n\t\t\t\t\t\t\t\t\t<option value=\"Face Treatments\">Face Treatments<\/option>\n\t\t\t\t\t\t\t\t\t<option value=\"Acne Treatments\">Acne Treatments<\/option>\n\t\t\t\t\t\t\t\t\t<option value=\"Fillers \/ Injections\">Fillers \/ Injections<\/option>\n\t\t\t\t\t\t\t\t\t<option value=\"Facial Treatments\">Facial Treatments<\/option>\n\t\t\t\t\t\t\t\t\t<option value=\"Vanquish (Fat Reduction)\">Vanquish (Fat Reduction)<\/option>\n\t\t\t\t\t\t\t\t\t<option value=\"Exilis (Skin Tightening)\">Exilis (Skin Tightening)<\/option>\n\t\t\t\t\t\t\t\t\t<option value=\"Hair Treatments\">Hair Treatments<\/option>\n\t\t\t\t\t\t\t<\/select>\n\t\t<\/div>\n\t\t\t\t\t\t<\/div>\n\t\t\t\t\t\t\t\t<div class=\"elementor-field-type-date elementor-field-group elementor-column elementor-field-group-field_b2bd1ae elementor-col-50 elementor-field-required elementor-mark-required\">\n\t\t\t\t\t\t\t\t\t\t\t\t<label for=\"form-field-field_b2bd1ae\" class=\"elementor-field-label\">\n\t\t\t\t\t\t\t\tChoose Preferred Date\t\t\t\t\t\t\t<\/label>\n\t\t\t\t\t\t\n\t\t<input type=\"date\" name=\"form_fields[field_b2bd1ae]\" id=\"form-field-field_b2bd1ae\" class=\"elementor-field elementor-size-sm  elementor-field-textual elementor-date-field\" placeholder=\"Please select Date\" required=\"required\" pattern=\"[0-9]{4}-[0-9]{2}-[0-9]{2}\">\n\t\t\t\t\t\t<\/div>\n\t\t\t\t\t\t\t\t<div class=\"elementor-field-type-time elementor-field-group elementor-column elementor-field-group-field_07f63a9 elementor-col-50 elementor-field-required elementor-mark-required\">\n\t\t\t\t\t\t\t\t\t\t\t\t<label for=\"form-field-field_07f63a9\" class=\"elementor-field-label\">\n\t\t\t\t\t\t\t\tTime\t\t\t\t\t\t\t<\/label>\n\t\t\t\t\t\t\t\t<input type=\"time\" name=\"form_fields[field_07f63a9]\" id=\"form-field-field_07f63a9\" class=\"elementor-field elementor-size-sm  elementor-field-textual elementor-time-field\" placeholder=\"Please select Time\" required=\"required\">\n\t\t\t\t\t\t<\/div>\n\t\t\t\t\t\t\t\t<div class=\"elementor-field-type-textarea elementor-field-group elementor-column elementor-field-group-message elementor-col-100\">\n\t\t\t\t\t\t\t\t\t\t\t\t<label for=\"form-field-message\" class=\"elementor-field-label\">\n\t\t\t\t\t\t\t\tMessage\t\t\t\t\t\t\t<\/label>\n\t\t\t\t\t\t<textarea class=\"elementor-field-textual elementor-field  elementor-size-sm\" name=\"form_fields[message]\" id=\"form-field-message\" rows=\"4\" placeholder=\"Message\"><\/textarea>\t\t\t\t<\/div>\n\t\t\t\t\t\t\t\t<div class=\"elementor-field-type-radio elementor-field-group elementor-column elementor-field-group-field_d24ef39 elementor-col-100 elementor-field-required elementor-mark-required\">\n\t\t\t\t\t\t\t\t\t\t\t\t<label for=\"form-field-field_d24ef39\" class=\"elementor-field-label\">\n\t\t\t\t\t\t\t\tDisclaimer\t\t\t\t\t\t\t<\/label>\n\t\t\t\t\t\t<div class=\"elementor-field-subgroup  \"><span class=\"elementor-field-option\"><input type=\"radio\" value=\"By providing my phone number and email, I agree to receive calls, texts, and emails.\" id=\"form-field-field_d24ef39-0\" name=\"form_fields[field_d24ef39]\" required=\"required\"> <label for=\"form-field-field_d24ef39-0\">By providing my phone number and email, I agree to receive calls, texts, and emails.<\/label><\/span><\/div>\t\t\t\t<\/div>\n\t\t\t\t\t\t\t\t<div class=\"elementor-field-type-recaptcha_v3 elementor-field-group elementor-column elementor-field-group-field_74e33d5 elementor-col-100 recaptcha_v3-inline\">\n\t\t\t\t\t<div class=\"elementor-field\" id=\"form-field-field_74e33d5\"><div class=\"elementor-g-recaptcha\" data-sitekey=\"6Ld-_8AsAAAAAO0uSUaQAhJb1fh19K3BLwe-fG1Q\" data-type=\"v3\" data-action=\"Form\" data-badge=\"inline\" data-size=\"invisible\"><\/div><\/div>\t\t\t\t<\/div>\n\t\t\t\t\t\t\t\t<div class=\"elementor-field-group elementor-column elementor-field-type-submit elementor-col-100 e-form__buttons\">\n\t\t\t\t\t<button class=\"elementor-button elementor-size-xs elementor-animation-grow\" type=\"submit\">\n\t\t\t\t\t\t<span class=\"elementor-button-content-wrapper\">\n\t\t\t\t\t\t\t\t\t\t\t\t\t\t\t\t\t\t\t\t\t\t<span class=\"elementor-button-text\">SEND<\/span>\n\t\t\t\t\t\t\t\t\t\t\t\t\t<\/span>\n\t\t\t\t\t<\/button>\n\t\t\t\t<\/div>\n\t\t\t<\/div>\n\t\t<\/form>\n\t\t\t\t\t\t<\/div>\n\t\t\t\t\t<\/div>\n\t\t<\/div>\n\t\t\t\t\t<\/div>\n\t\t<\/section>\n\t\t\t\t\t<\/div>\n\t\t<\/div>\n\t\t\t\t\t<\/div>\n\t\t<\/section>\n\t\t\t\t<\/div>\n\t\t","protected":false},"excerpt":{"rendered":"<p>Jeuveau\u2122 in Plantation, FL Jeuveau\u2122 in Plantation, FL Welcome to Plantation Med Spa, your trusted destination for Jeuveau\u2122 treatments in Plantation, Florida. Our expert team of professionals is dedicated to helping you achieve a refreshed and youthful appearance. Explore the remarkable benefits of Jeuveau\u2122 and find answers to frequently asked questions below. About Jeuveau\u2122 at&#8230;<\/p>","protected":false},"author":1,"featured_media":0,"parent":2992,"menu_order":0,"comment_status":"closed","ping_status":"closed","template":"","meta":{"_kadence_starter_templates_imported_post":false,"_kad_post_transparent":"","_kad_post_title":"","_kad_post_layout":"","_kad_post_sidebar_id":"","_kad_post_content_style":"","_kad_post_vertical_padding":"","_kad_post_feature":"","_kad_post_feature_position":"","_kad_post_header":false,"_kad_post_footer":false,"_kad_post_classname":"","footnotes":""},"class_list":["post-2973","page","type-page","status-publish","hentry"],"_links":{"self":[{"href":"https:\/\/plantationmedspa.com\/es\/wp-json\/wp\/v2\/pages\/2973","targetHints":{"allow":["GET"]}}],"collection":[{"href":"https:\/\/plantationmedspa.com\/es\/wp-json\/wp\/v2\/pages"}],"about":[{"href":"https:\/\/plantationmedspa.com\/es\/wp-json\/wp\/v2\/types\/page"}],"author":[{"embeddable":true,"href":"https:\/\/plantationmedspa.com\/es\/wp-json\/wp\/v2\/users\/1"}],"replies":[{"embeddable":true,"href":"https:\/\/plantationmedspa.com\/es\/wp-json\/wp\/v2\/comments?post=2973"}],"version-history":[{"count":6,"href":"https:\/\/plantationmedspa.com\/es\/wp-json\/wp\/v2\/pages\/2973\/revisions"}],"predecessor-version":[{"id":41022,"href":"https:\/\/plantationmedspa.com\/es\/wp-json\/wp\/v2\/pages\/2973\/revisions\/41022"}],"up":[{"embeddable":true,"href":"https:\/\/plantationmedspa.com\/es\/wp-json\/wp\/v2\/pages\/2992"}],"wp:attachment":[{"href":"https:\/\/plantationmedspa.com\/es\/wp-json\/wp\/v2\/media?parent=2973"}],"curies":[{"name":"wp","href":"https:\/\/api.w.org\/{rel}","templated":true}]}}